{"id":888,"date":"2020-05-03T16:20:18","date_gmt":"2020-05-03T16:20:18","guid":{"rendered":"https:\/\/www.cristianos-viladecans.org\/wp2018\/?page_id=888"},"modified":"2020-05-03T16:20:18","modified_gmt":"2020-05-03T16:20:18","slug":"nuestra-historia","status":"publish","type":"page","link":"https:\/\/www.cristianos-viladecans.org\/wp2018\/nuestra-historia\/","title":{"rendered":"Nuestra historia"},"content":{"rendered":"\r\n<p style=\"text-align: justify;\">La aprobaci\u00f3n en 1967 de la Ley de libertad religiosa, despu\u00e9s de un periodo de represi\u00f3n religiosa (lugares de culto cerrados, pastores encarcelados y bienes incautados) que tuvo lugar durante la dictadura franquista, posibilit\u00f3 que un grupo de familias cristianas evang\u00e9licas residentes en Viladecans comenzar\u00e1n a reunirse en casas en dicha poblaci\u00f3n.<\/p>\r\n\r\n\r\n\r\n<p style=\"text-align: justify;\">Estas familias, trasladadas a Viladecans por motivos laborales, proced\u00edan de la Iglesia Evang\u00e9lica de Sant Boi y empezaron a reunirse en un local en calle Victoria (actualmente Pi i Margall) con el apoyo de dicha iglesia y bajo la direcci\u00f3n de su pastor Don Joan Gonz\u00e1lez. El local de culto se inaugur\u00f3 finalmente el 25 de diciembre de 1970, despu\u00e9s de superar algunos impedimentos con las autoridades. La congregaci\u00f3n oficial estaba formada por 10 adultos y 11 ni\u00f1os.<\/p>\r\n\r\n\r\n\r\n<figure class=\"wp-block-image size-large\">\r\n<div id=\"attachment_901\" style=\"width: 760px\" class=\"wp-caption aligncenter\"><img aria-describedby=\"caption-attachment-901\" decoding=\"async\" loading=\"lazy\" src=\"https:\/\/www.cristianos-viladecans.org\/wp2018\/wp-content\/uploads\/2020\/05\/Maria-Victoria-1-1024x765.jpg\" alt=\"\" class=\"wp-image-901 size-large\" width=\"750\" height=\"560\" srcset=\"https:\/\/www.cristianos-viladecans.org\/wp2018\/wp-content\/uploads\/2020\/05\/Maria-Victoria-1-1024x765.jpg 1024w, https:\/\/www.cristianos-viladecans.org\/wp2018\/wp-content\/uploads\/2020\/05\/Maria-Victoria-1-300x224.jpg 300w, https:\/\/www.cristianos-viladecans.org\/wp2018\/wp-content\/uploads\/2020\/05\/Maria-Victoria-1-768x574.jpg 768w, https:\/\/www.cristianos-viladecans.org\/wp2018\/wp-content\/uploads\/2020\/05\/Maria-Victoria-1-1536x1148.jpg 1536w, https:\/\/www.cristianos-viladecans.org\/wp2018\/wp-content\/uploads\/2020\/05\/Maria-Victoria-1-2048x1531.jpg 2048w\" sizes=\"(max-width: 750px) 100vw, 750px\" \/><p id=\"caption-attachment-901\" class=\"wp-caption-text\">Antiguo local en C\/ Mar\u00eda Victoria (actual c\/ Pi i Margall). El cartel estaba colocado de esta forma para esquivar las autoridades de la \u00e9poca.<\/p><\/div>\r\n<\/figure>\r\n\r\n\r\n\r\n<p style=\"text-align: justify;\">Tres meses despu\u00e9s, Don Juan Calvet y su esposa Do\u00f1a M\u00aa Dolores Crevill\u00e9n se incorporaron a la iglesia y comenzaron a dirigirla en calidad de co-pastores bajo la supervisi\u00f3n de la Iglesia en Sant Boi. En el a\u00f1o 1973 y con una membres\u00eda de 19 personas fue reconocida como iglesia independiente.<\/p>\r\n\r\n\r\n\r\n<p style=\"text-align: justify;\">En 1976 debido al aumento de la membres\u00eda la iglesia se traslad\u00f3 a un local situado en el Grup Sant Jordi, que es la sede actual. En el Grup Sant Jordi est\u00e1 situada la parroquia de Santa Mar\u00eda y en aquel tiempo se requer\u00eda la conformidad de su p\u00e1rroco para poder abrir una iglesia evang\u00e9lica cercana. El p\u00e1rroco, Mn. Jaume Boguny\u00e0, no s\u00f3lo no se opuso a la obertura de la nueva sede, sin\u00f3 que ofreci\u00f3 su ayuda.<\/p>\r\n\r\n\r\n\r\n<p style=\"text-align: justify;\">Un hecho destacable fue una gran inundaci\u00f3n que en el a\u00f1o 1988 destruy\u00f3 el local social de la iglesia, pero gracias a la solidaridad de las iglesia de la zona pudo ser reconstruido.<\/p>\r\n\r\n\r\n\r\n<figure class=\"wp-block-image size-large\">\r\n<div id=\"attachment_902\" style=\"width: 760px\" class=\"wp-caption aligncenter\"><img aria-describedby=\"caption-attachment-902\" decoding=\"async\" loading=\"lazy\" src=\"https:\/\/www.cristianos-viladecans.org\/wp2018\/wp-content\/uploads\/2020\/05\/Inundacion_1-1024x708.jpg\" alt=\"\" class=\"wp-image-902 size-large\" width=\"750\" height=\"519\" srcset=\"https:\/\/www.cristianos-viladecans.org\/wp2018\/wp-content\/uploads\/2020\/05\/Inundacion_1-1024x708.jpg 1024w, https:\/\/www.cristianos-viladecans.org\/wp2018\/wp-content\/uploads\/2020\/05\/Inundacion_1-300x208.jpg 300w, https:\/\/www.cristianos-viladecans.org\/wp2018\/wp-content\/uploads\/2020\/05\/Inundacion_1-768x531.jpg 768w, https:\/\/www.cristianos-viladecans.org\/wp2018\/wp-content\/uploads\/2020\/05\/Inundacion_1-1536x1063.jpg 1536w, https:\/\/www.cristianos-viladecans.org\/wp2018\/wp-content\/uploads\/2020\/05\/Inundacion_1-2048x1417.jpg 2048w\" sizes=\"(max-width: 750px) 100vw, 750px\" \/><p id=\"caption-attachment-902\" class=\"wp-caption-text\">El s\u00f3tano del local del Grup Sant Jordi afectado por la inundaci\u00f3n de 1988<\/p><\/div>\r\n<p style=\"text-align: justify;\">En el a\u00f1o 2006 el pastor D. Juan Calvet y su esposa se jubilaron y el liderazgo fue asumido por Don Miguel Gonz\u00e1lez y Do\u00f1a Juana Mar\u00eda, miembros de esta congregaci\u00f3n, hasta el a\u00f1o 2011. Y, desde entonces, son los pastores Don Ricard Bard\u00e9s y Do\u00f1a Antonia Vera.<\/p>\r\n\r\n\r\n\r\n\r\n\r\n<p style=\"text-align: justify;\">La iglesia forma parte, desde el a\u00f1o 1973, de la FIEIDE (Federaci\u00f3n de Iglesias Evang\u00e9licas Independientes de Espa\u00f1a), del CEEB (Centro Evang\u00e9lico de Estudios B\u00edblicos de Barcelona) y la FEREDE (Federaci\u00f3n de Entidades Religiosas Evang\u00e9licas de Espa\u00f1a) . Y desde el a\u00f1o 2007 hasta la actualidad, participa en la Mostra d&#8217;Entitats de Viladecans.<\/p>\r\n\r\n\r\n\r\n<p style=\"text-align: justify;\">La Iglesia Evang\u00e9lica en Viladecans ha sido de ayuda y soporte a otras iglesias y tambi\u00e9n ha sido \u00abcantera\u00bb ya que de ella han salido varios matrimonios al ministerio pastoral. En 1980, y durante 8 a\u00f1os, nuestra iglesia tom\u00f3 el liderazgo de la iglesia en Tarragona enviando como pastores a don Juan Jos\u00e9 Garc\u00eda y Carmen Valent\u00edn. Desde 1989 hasta el 2006 tambi\u00e9n asumi\u00f3 el cuidado y direcci\u00f3n de la iglesia en Sant Vicen\u00e7 dels Horts, primeramente enviando a D. Juan Pedro Fuglister y posteriormente a Alfonso Vera y Elena Guill\u00e9n.<\/p>\r\n\r\n\r\n\r\n<p style=\"text-align: justify;\">Queremos tambi\u00e9n dar las gracias a todos los miembros que a lo largo de los a\u00f1os con su esfuerzo han ayudado a hacer progresar la obra de la iglesia.<\/p>\r\n\r\n\r\n\r\n<p style=\"text-align: justify;\">Y por \u00faltimo, queremos reiterar nuestro compromiso de compartir con nuestros vecinos de Viladecans nuestra fe en Jesucristo y de contribuir en el fortalecimiento de la iglesia evang\u00e9lica y su misi\u00f3n en Catalu\u00f1a, Espa\u00f1a y en el mundo.<\/p>\r\n\r\n\r\n\r\n<figure class=\"wp-block-image size-large\">\r\n<div id=\"attachment_903\" style=\"width: 760px\" class=\"wp-caption aligncenter\"><img aria-describedby=\"caption-attachment-903\" decoding=\"async\" loading=\"lazy\" src=\"https:\/\/www.cristianos-viladecans.org\/wp2018\/wp-content\/uploads\/2020\/05\/iglesia_actual.jpg\" alt=\"\" class=\"wp-image-903\" width=\"750\" height=\"563\" srcset=\"https:\/\/www.cristianos-viladecans.org\/wp2018\/wp-content\/uploads\/2020\/05\/iglesia_actual.jpg 1024w, https:\/\/www.cristianos-viladecans.org\/wp2018\/wp-content\/uploads\/2020\/05\/iglesia_actual-300x225.jpg 300w, https:\/\/www.cristianos-viladecans.org\/wp2018\/wp-content\/uploads\/2020\/05\/iglesia_actual-768x576.jpg 768w\" sizes=\"(max-width: 750px) 100vw, 750px\" \/><p id=\"caption-attachment-903\" class=\"wp-caption-text\">Congregaci\u00f3n actual. Retiro de Oto\u00f1o del 2019<\/p><\/div>\r\n<figcaption><\/figcaption>\r\n<\/figure>\r\n\r\n\r\n\r\n<h2>Cronolog\u00eda<\/h2>\r\n\r\n\r\n\r\n<figure class=\"wp-block-table\">\r\n<table style=\"height: 0px; width: 100%;\" height=\"996\">\r\n<tbody>\r\n<tr>\r\n<td style=\"width: 20%; text-align: center;\">1966<\/td>\r\n<td>Primeras reuniones en hogares.<\/td>\r\n<\/tr>\r\n<tr>\r\n<td style=\"width: 20%; text-align: center;\">1970<\/td>\r\n<td>Inauguraci\u00f3n del local en calle Victoria.<\/td>\r\n<\/tr>\r\n<tr>\r\n<td style=\"width: 15.4248%; text-align: center;\">1971<\/td>\r\n<td style=\"width: 84.5752%;\">Don Juan Calvet y Do\u00f1a Mar\u00eda Dolores asumen el liderazgo de la iglesia como co-pastores.<\/td>\r\n<\/tr>\r\n<tr>\r\n<td style=\"width: 20%; text-align: center;\">1973<\/td>\r\n<td>\u00a0La iglesia adquiere la independencia respecto a la Iglesia Evang\u00e9lica en Sant Boi e ingresa como miembro de la FIEIDE (Federaci\u00f3n de Iglesias Independientes de Espa\u00f1a).<\/td>\r\n<\/tr>\r\n<tr>\r\n<td style=\"width: 20%; text-align: center;\">1975<\/td>\r\n<td>Inauguraci\u00f3n de la sede actual en el Grup Sant Jordi.<\/td>\r\n<\/tr>\r\n<tr>\r\n<td style=\"width: 20%; text-align: center;\">1980 \u2013 1988<\/td>\r\n<td>La iglesia se hace cargo de la direcci\u00f3n de la iglesia en Tarragona.<\/td>\r\n<\/tr>\r\n<tr>\r\n<td style=\"width: 20%; text-align: center;\">1988<\/td>\r\n<td>Inundaci\u00f3n del local social.<\/td>\r\n<\/tr>\r\n<tr>\r\n<td style=\"width: 20%; text-align: center;\">1989 \u2013 2006<\/td>\r\n<td>\u00a0La iglesia asume el liderazgo de la iglesia en Sant Vicen\u00e7 dels Horts.<\/td>\r\n<\/tr>\r\n<tr>\r\n<td style=\"width: 20%; text-align: center;\">2006<\/td>\r\n<td>Jubilaci\u00f3n de Don Juan Calvet y Do\u00f1a Mar\u00eda Dolores e inicio del liderazgo a cargo de Don Miguel Gonz\u00e1lez y Do\u00f1a Juana Mar\u00eda Mart\u00ednez.<\/td>\r\n<\/tr>\r\n<tr>\r\n<td style=\"width: 20%; text-align: center;\">2011<\/td>\r\n<td>Don Ricard Bard\u00e9s y Antonia Vera asumen el liderazgo de la iglesia hasta nuestros d\u00edas.<\/td>\r\n<\/tr>\r\n<tr>\r\n<td style=\"width: 20%; text-align: center;\">2020<\/td>\r\n<td>\r\n<p>Se conmemoran los 50 a\u00f1os de nuestra historia con un evento en la que asistieron las autoridades de la ciudad.<\/p>\r\n<p>Se cierra el local y se suspenden todos las actividades que se realizaban en \u00e9l como consecuencia de la epidemia del coronavirus. Sin embargo, la iglesia sigui\u00f3 reuni\u00e9ndose por medio de videoconferencias.<\/p>\r\n<\/td>\r\n<\/tr>\r\n<\/tbody>\r\n<\/table>\r\n<\/figure>\r\n<\/figure>","protected":false},"excerpt":{"rendered":"<p>La aprobaci\u00f3n en 1967 de la Ley de libertad religiosa, despu\u00e9s de un periodo de represi\u00f3n religiosa (lugares de culto cerrados, pastores encarcelados y bienes incautados) que tuvo lugar durante la dictadura franquista, posibilit\u00f3 que un grupo de familias cristianas evang\u00e9licas residentes en Viladecans comenzar\u00e1n a reunirse en casas en [&hellip;]<\/p>\n","protected":false},"author":1,"featured_media":0,"parent":0,"menu_order":0,"comment_status":"closed","ping_status":"closed","template":"","meta":[],"aioseo_notices":[],"_links":{"self":[{"href":"https:\/\/www.cristianos-viladecans.org\/wp2018\/wp-json\/wp\/v2\/pages\/888"}],"collection":[{"href":"https:\/\/www.cristianos-viladecans.org\/wp2018\/wp-json\/wp\/v2\/pages"}],"about":[{"href":"https:\/\/www.cristianos-viladecans.org\/wp2018\/wp-json\/wp\/v2\/types\/page"}],"author":[{"embeddable":true,"href":"https:\/\/www.cristianos-viladecans.org\/wp2018\/wp-json\/wp\/v2\/users\/1"}],"replies":[{"embeddable":true,"href":"https:\/\/www.cristianos-viladecans.org\/wp2018\/wp-json\/wp\/v2\/comments?post=888"}],"version-history":[{"count":11,"href":"https:\/\/www.cristianos-viladecans.org\/wp2018\/wp-json\/wp\/v2\/pages\/888\/revisions"}],"predecessor-version":[{"id":910,"href":"https:\/\/www.cristianos-viladecans.org\/wp2018\/wp-json\/wp\/v2\/pages\/888\/revisions\/910"}],"wp:attachment":[{"href":"https:\/\/www.cristianos-viladecans.org\/wp2018\/wp-json\/wp\/v2\/media?parent=888"}],"curies":[{"name":"wp","href":"https:\/\/api.w.org\/{rel}","templated":true}]}}