{"id":72,"date":"2018-01-19T17:13:22","date_gmt":"2018-01-19T17:13:22","guid":{"rendered":"https:\/\/www.cristianos-viladecans.org\/wp2018\/?page_id=72"},"modified":"2022-07-16T16:38:59","modified_gmt":"2022-07-16T16:38:59","slug":"visitanos","status":"publish","type":"page","link":"https:\/\/www.cristianos-viladecans.org\/wp2018\/visitanos\/","title":{"rendered":"Vis\u00edtanos"},"content":{"rendered":"<h3>Estamos aqu\u00ed<a name=\"mapa_iglesia\"><\/a><\/h3>\n<h3><\/h3>\n<h3>Nuestra direcci\u00f3n es<\/h3>\n<p>Grup Sant Jordi n\u00fam. 12-13<br \/>\n08840 Viladecans<br \/>\nBarcelona<\/p>\n<h3>Nos reunimos<a name=\"horario_cultos\"><\/a><\/h3>\n<table>\n<tbody>\n<tr>\n<td>Martes<\/td>\n<td>19:00<\/td>\n<td><a href=\".\/oracion\">Culto de oraci\u00f3n<\/a> y <a href=\"https:\/\/www.cristianos-viladecans.org\/wp2018\/ensenanza-biblica#estudio_biblico\">estudio b\u00edblico<\/a><\/td>\n<\/tr>\n<tr>\n<td>Mi\u00e9rcoles<\/td>\n<td>16:00<\/td>\n<td>Reuni\u00f3n de se\u00f1oras<\/td>\n<\/tr>\n<tr>\n<td rowspan=\"2\">Domingo<\/td>\n<td>11:00<\/td>\n<td><a href=\"https:\/\/www.cristianos-viladecans.org\/wp2018\/ensenanza-biblica#escuela_dominical\">Escuela dominical<\/a><\/td>\n<\/tr>\n<tr>\n<td>12:00<\/td>\n<td>Culto de <a href=\".\/adoracion\">adoraci\u00f3n<\/a> y <a href=\"https:\/\/www.cristianos-viladecans.org\/wp2018\/ensenanza-biblica#predicacion\">predicaci\u00f3n<\/a><\/td>\n<\/tr>\n<\/tbody>\n<\/table>\n<p>&nbsp;<\/p>\n<h3><a href=\"https:\/\/www.cristianos-viladecans.org\/wp2018\/contacta\/\" title=\"Contacta\">Contacta con nosotros<\/a><\/h3>\n","protected":false},"excerpt":{"rendered":"<p>Estamos aqu\u00ed Nuestra direcci\u00f3n es Grup Sant Jordi n\u00fam. 12-13 08840 Viladecans Barcelona Nos reunimos Martes 19:00 Culto de oraci\u00f3n y estudio b\u00edblico Mi\u00e9rcoles 16:00 Reuni\u00f3n de se\u00f1oras Domingo 11:00 Escuela dominical 12:00 Culto de adoraci\u00f3n y predicaci\u00f3n &nbsp; Contacta con nosotros<\/p>\n","protected":false},"author":1,"featured_media":0,"parent":0,"menu_order":0,"comment_status":"closed","ping_status":"closed","template":"","meta":[],"aioseo_notices":[],"_links":{"self":[{"href":"https:\/\/www.cristianos-viladecans.org\/wp2018\/wp-json\/wp\/v2\/pages\/72"}],"collection":[{"href":"https:\/\/www.cristianos-viladecans.org\/wp2018\/wp-json\/wp\/v2\/pages"}],"about":[{"href":"https:\/\/www.cristianos-viladecans.org\/wp2018\/wp-json\/wp\/v2\/types\/page"}],"author":[{"embeddable":true,"href":"https:\/\/www.cristianos-viladecans.org\/wp2018\/wp-json\/wp\/v2\/users\/1"}],"replies":[{"embeddable":true,"href":"https:\/\/www.cristianos-viladecans.org\/wp2018\/wp-json\/wp\/v2\/comments?post=72"}],"version-history":[{"count":11,"href":"https:\/\/www.cristianos-viladecans.org\/wp2018\/wp-json\/wp\/v2\/pages\/72\/revisions"}],"predecessor-version":[{"id":863,"href":"https:\/\/www.cristianos-viladecans.org\/wp2018\/wp-json\/wp\/v2\/pages\/72\/revisions\/863"}],"wp:attachment":[{"href":"https:\/\/www.cristianos-viladecans.org\/wp2018\/wp-json\/wp\/v2\/media?parent=72"}],"curies":[{"name":"wp","href":"https:\/\/api.w.org\/{rel}","templated":true}]}}