{"id":44,"date":"2018-01-14T15:20:58","date_gmt":"2018-01-14T15:20:58","guid":{"rendered":"https:\/\/www.cristianos-viladecans.org\/wp2018\/?page_id=44"},"modified":"2018-12-30T22:27:58","modified_gmt":"2018-12-30T22:27:58","slug":"nosotros","status":"publish","type":"page","link":"https:\/\/www.cristianos-viladecans.org\/wp2018\/nosotros\/","title":{"rendered":"Nosotros"},"content":{"rendered":"<p style=\"text-align: justify;\"><img decoding=\"async\" loading=\"lazy\" src=\"https:\/\/www.cristianos-viladecans.org\/wp2018\/wp-content\/uploads\/2018\/01\/iglesia-300x170.jpg\" alt=\"\" width=\"300\" height=\"170\" class=\"size-medium wp-image-45 alignleft\" srcset=\"https:\/\/www.cristianos-viladecans.org\/wp2018\/wp-content\/uploads\/2018\/01\/iglesia-300x170.jpg 300w, https:\/\/www.cristianos-viladecans.org\/wp2018\/wp-content\/uploads\/2018\/01\/iglesia-600x341.jpg 600w, https:\/\/www.cristianos-viladecans.org\/wp2018\/wp-content\/uploads\/2018\/01\/iglesia-768x436.jpg 768w, https:\/\/www.cristianos-viladecans.org\/wp2018\/wp-content\/uploads\/2018\/01\/iglesia.jpg 960w\" sizes=\"(max-width: 300px) 100vw, 300px\" \/>Somos un grupo de personas que un d\u00eda conocimos a Jes\u00fas y formamos parte de una iglesia cristiana. Conocer a Jes\u00fas ha provocado\u00a0un cambio radical en nuestras vidas, tan impactante, que nos gustar\u00eda poder compartirlo contigo. Es por ello que te invitamos a visitarnos y pasar un tiempo con nosotros.<br \/>\nNosotros somos personas como t\u00fa, que nos enfrentamos a los mismos problemas, la \u00fanica diferencia es que hemos conocido a Jes\u00fas, \u00e9l es el \u00fanico que realmente nos ayuda y da sentido a nuestra vida.<br \/>\nEn la Biblia, Jes\u00fas dice:<\/p>\n<blockquote><p>\u00abVenid a m\u00ed todos los que est\u00e1is cansados y agobiados, y yo os dar\u00e9 descanso.\u00bb Mateo 11:28<\/p><\/blockquote>\n<p>Si te sientes cansado y sin paz interior, <a href=\".\/visitanos\/\" target=\"_blank\" rel=\"noopener\">te invitamos a venir a visitarnos<\/a>. Dios est\u00e1 interesado en ti y t\u00fa eres muy importante para \u00e9l.<\/p>\n","protected":false},"excerpt":{"rendered":"<p>Somos un grupo de personas que un d\u00eda conocimos a Jes\u00fas y formamos parte de una iglesia cristiana. Conocer a Jes\u00fas ha provocado\u00a0un cambio radical en nuestras vidas, tan impactante, que nos gustar\u00eda poder compartirlo contigo. Es por ello que te invitamos a visitarnos y pasar un tiempo con nosotros. [&hellip;]<\/p>\n","protected":false},"author":1,"featured_media":0,"parent":0,"menu_order":0,"comment_status":"closed","ping_status":"closed","template":"","meta":[],"aioseo_notices":[],"_links":{"self":[{"href":"https:\/\/www.cristianos-viladecans.org\/wp2018\/wp-json\/wp\/v2\/pages\/44"}],"collection":[{"href":"https:\/\/www.cristianos-viladecans.org\/wp2018\/wp-json\/wp\/v2\/pages"}],"about":[{"href":"https:\/\/www.cristianos-viladecans.org\/wp2018\/wp-json\/wp\/v2\/types\/page"}],"author":[{"embeddable":true,"href":"https:\/\/www.cristianos-viladecans.org\/wp2018\/wp-json\/wp\/v2\/users\/1"}],"replies":[{"embeddable":true,"href":"https:\/\/www.cristianos-viladecans.org\/wp2018\/wp-json\/wp\/v2\/comments?post=44"}],"version-history":[{"count":5,"href":"https:\/\/www.cristianos-viladecans.org\/wp2018\/wp-json\/wp\/v2\/pages\/44\/revisions"}],"predecessor-version":[{"id":349,"href":"https:\/\/www.cristianos-viladecans.org\/wp2018\/wp-json\/wp\/v2\/pages\/44\/revisions\/349"}],"wp:attachment":[{"href":"https:\/\/www.cristianos-viladecans.org\/wp2018\/wp-json\/wp\/v2\/media?parent=44"}],"curies":[{"name":"wp","href":"https:\/\/api.w.org\/{rel}","templated":true}]}}