{"id":338,"date":"2018-12-30T19:37:57","date_gmt":"2018-12-30T19:37:57","guid":{"rendered":"https:\/\/www.cristianos-viladecans.org\/wp2018\/?page_id=338"},"modified":"2018-12-30T22:07:40","modified_gmt":"2018-12-30T22:07:40","slug":"oracion","status":"publish","type":"page","link":"https:\/\/www.cristianos-viladecans.org\/wp2018\/oracion\/","title":{"rendered":"Oraci\u00f3n"},"content":{"rendered":"<p style=\"text-align: justify;\">La oraci\u00f3n es fundamental para la vida del cristiano y de la iglesia.<\/p>\n<blockquote>\n<p style=\"text-align: justify;\">\u00abEstad siempre gozosos; orad sin cesar; dad gracias en todo, porque esta es la voluntad de Dios para vosotros en Cristo Jes\u00fas.\u00bb (1 Tesalonicenses 5:16-18)<\/p>\n<p>&nbsp;<\/p>\n<p style=\"text-align: justify;\">\u00abPor nada est\u00e9is afanosos; antes bien, en todo, mediante oraci\u00f3n y s\u00faplica con acci\u00f3n de gracias, sean dadas a conocer vuestras peticiones delante de Dios. Y la paz de Dios, que sobrepasa todo entendimiento, guardar\u00e1 vuestros corazones y vuestras mentes en Cristo Jes\u00fas.\u00bb (Filipenses 4:6-7)<\/p>\n<p>&nbsp;<\/p>\n<p style=\"text-align: justify;\">\u00abPorque donde est\u00e1n dos o tres reunidos en mi nombre, all\u00ed estoy yo en medio de ellos.\u00bb\u00a0(Mateo 18:20)<\/p>\n<\/blockquote>\n<p style=\"text-align: justify;\">Por esta raz\u00f3n, en nuestra iglesia organizamos las siguientes actividades para promover la vida de oraci\u00f3n de la iglesia:<\/p>\n<ul>\n<li style=\"text-align: justify;\">Culto de oraci\u00f3n semanal (<a href=\".\/visitanos\/#horario_cultos\">ver horarios<\/a>).<\/li>\n<li style=\"text-align: justify;\">Veladas de oraci\u00f3n peri\u00f3dicas.<\/li>\n<li style=\"text-align: justify;\">Veladas de oraci\u00f3n conjuntamente con otras iglesias de la ciudad.<\/li>\n<li style=\"text-align: justify;\">Apoyamos a los cristianos que sufren persecuci\u00f3n en todo el mundo mediante la oraci\u00f3n y el env\u00edo de postales para transmitir aliento y amor fraternal.<\/li>\n<li style=\"text-align: justify;\">Participamos con la <a href=\"https:\/\/www.aeesp.net\/comisiones\/iglesiaymision\/oracion\/\" target=\"_blank\" rel=\"noopener\">Semana Universal de Oraci\u00f3n<\/a> organizada por la Alianza Evang\u00e9lica.<\/li>\n<\/ul>\n","protected":false},"excerpt":{"rendered":"<p>La oraci\u00f3n es fundamental para la vida del cristiano y de la iglesia. \u00abEstad siempre gozosos; orad sin cesar; dad gracias en todo, porque esta es la voluntad de Dios para vosotros en Cristo Jes\u00fas.\u00bb (1 Tesalonicenses 5:16-18) &nbsp; \u00abPor nada est\u00e9is afanosos; antes bien, en todo, mediante oraci\u00f3n y [&hellip;]<\/p>\n","protected":false},"author":1,"featured_media":0,"parent":0,"menu_order":0,"comment_status":"closed","ping_status":"closed","template":"","meta":[],"aioseo_notices":[],"_links":{"self":[{"href":"https:\/\/www.cristianos-viladecans.org\/wp2018\/wp-json\/wp\/v2\/pages\/338"}],"collection":[{"href":"https:\/\/www.cristianos-viladecans.org\/wp2018\/wp-json\/wp\/v2\/pages"}],"about":[{"href":"https:\/\/www.cristianos-viladecans.org\/wp2018\/wp-json\/wp\/v2\/types\/page"}],"author":[{"embeddable":true,"href":"https:\/\/www.cristianos-viladecans.org\/wp2018\/wp-json\/wp\/v2\/users\/1"}],"replies":[{"embeddable":true,"href":"https:\/\/www.cristianos-viladecans.org\/wp2018\/wp-json\/wp\/v2\/comments?post=338"}],"version-history":[{"count":5,"href":"https:\/\/www.cristianos-viladecans.org\/wp2018\/wp-json\/wp\/v2\/pages\/338\/revisions"}],"predecessor-version":[{"id":347,"href":"https:\/\/www.cristianos-viladecans.org\/wp2018\/wp-json\/wp\/v2\/pages\/338\/revisions\/347"}],"wp:attachment":[{"href":"https:\/\/www.cristianos-viladecans.org\/wp2018\/wp-json\/wp\/v2\/media?parent=338"}],"curies":[{"name":"wp","href":"https:\/\/api.w.org\/{rel}","templated":true}]}}