{"id":320,"date":"2018-12-30T17:54:30","date_gmt":"2018-12-30T17:54:30","guid":{"rendered":"https:\/\/www.cristianos-viladecans.org\/wp2018\/?page_id=320"},"modified":"2019-01-01T19:36:36","modified_gmt":"2019-01-01T19:36:36","slug":"adoracion","status":"publish","type":"page","link":"https:\/\/www.cristianos-viladecans.org\/wp2018\/adoracion\/","title":{"rendered":"Adoraci\u00f3n"},"content":{"rendered":"\r\n<p>La Biblia nos exhorta a dedicar nuestra vida a la adoraci\u00f3n del Se\u00f1or y la m\u00fasica es un elemento esencial para Su alabanza.<\/p>\r\n\r\n\r\n\r\n<blockquote class=\"wp-block-quote\">\r\n<p style=\"text-align: justify;\">\u00abQue la palabra de Cristo habite en abundancia en vosotros, con toda sabidur\u00eda ense\u00f1\u00e1ndoos y amonest\u00e1ndoos unos a otros con salmos, himnos y canciones espirituales, cantando a Dios con acci\u00f3n de gracias en vuestros corazones. Y todo lo que hac\u00e9is, de palabra o de hecho, hacedlo todo en el nombre del Se\u00f1or Jes\u00fas, dando gracias por medio de El a Dios el Padre.\u00bb (Colosenses 3:16-17)<\/p>\r\n<\/blockquote>\r\n<table border=\"0\" style=\"height: 49px; width: 824px;\" width=\"824\">\r\n<tbody>\r\n<tr style=\"height: 49px;\">\r\n<td style=\"width: 339px; height: 49px;\">\r\n<div id=\"attachment_355\" style=\"width: 310px\" class=\"wp-caption alignleft\"><img aria-describedby=\"caption-attachment-355\" decoding=\"async\" loading=\"lazy\" src=\"https:\/\/www.cristianos-viladecans.org\/wp2018\/wp-content\/uploads\/2019\/01\/IMG_6227-300x225.jpg\" alt=\"\" width=\"300\" height=\"225\" class=\"wp-image-355 size-medium\" srcset=\"https:\/\/www.cristianos-viladecans.org\/wp2018\/wp-content\/uploads\/2019\/01\/IMG_6227-300x225.jpg 300w, https:\/\/www.cristianos-viladecans.org\/wp2018\/wp-content\/uploads\/2019\/01\/IMG_6227-600x450.jpg 600w, https:\/\/www.cristianos-viladecans.org\/wp2018\/wp-content\/uploads\/2019\/01\/IMG_6227-768x576.jpg 768w, https:\/\/www.cristianos-viladecans.org\/wp2018\/wp-content\/uploads\/2019\/01\/IMG_6227-1024x768.jpg 1024w\" sizes=\"(max-width: 300px) 100vw, 300px\" \/><p id=\"caption-attachment-355\" class=\"wp-caption-text\">Grupo de alabanza<\/p><\/div>\r\n<\/td>\r\n<td style=\"width: 444px; vertical-align: top; height: 49px;\">Cada domingo tenemos un tiempo de alabanza como parte de nuestro culto de adoraci\u00f3n y predicaci\u00f3n (<a href=\".\/visitanos\/#horario_cultos\">ver horarios<\/a>).<\/td>\r\n<\/tr>\r\n<\/tbody>\r\n<\/table>\r\n<table style=\"height: 213px; width: 827px;\" border=\"0\">\r\n<tbody>\r\n<tr style=\"height: 213px;\">\r\n<td style=\"width: 441px; height: 213px; text-align: left; vertical-align: top;\">Adem\u00e1s, contamos con un coro de m\u00fasica para las ocasiones especiales como en Navidad.\u00a0<\/td>\r\n<td style=\"width: 342px; height: 213px;\">\r\n<div id=\"attachment_357\" style=\"width: 310px\" class=\"wp-caption alignnone\"><img aria-describedby=\"caption-attachment-357\" decoding=\"async\" loading=\"lazy\" src=\"https:\/\/www.cristianos-viladecans.org\/wp2018\/wp-content\/uploads\/2019\/01\/IMG_6195-1-300x225.jpg\" alt=\"\" width=\"300\" height=\"225\" class=\"wp-image-357 size-medium\" srcset=\"https:\/\/www.cristianos-viladecans.org\/wp2018\/wp-content\/uploads\/2019\/01\/IMG_6195-1-300x225.jpg 300w, https:\/\/www.cristianos-viladecans.org\/wp2018\/wp-content\/uploads\/2019\/01\/IMG_6195-1-scaled-600x450.jpg 600w, https:\/\/www.cristianos-viladecans.org\/wp2018\/wp-content\/uploads\/2019\/01\/IMG_6195-1-768x576.jpg 768w, https:\/\/www.cristianos-viladecans.org\/wp2018\/wp-content\/uploads\/2019\/01\/IMG_6195-1-1024x768.jpg 1024w\" sizes=\"(max-width: 300px) 100vw, 300px\" \/><p id=\"caption-attachment-357\" class=\"wp-caption-text\">Coro de la iglesia<\/p><\/div>\r\n<\/td>\r\n<\/tr>\r\n<\/tbody>\r\n<\/table>\r\n","protected":false},"excerpt":{"rendered":"<p>La Biblia nos exhorta a dedicar nuestra vida a la adoraci\u00f3n del Se\u00f1or y la m\u00fasica es un elemento esencial para Su alabanza. \u00abQue la palabra de Cristo habite en abundancia en vosotros, con toda sabidur\u00eda ense\u00f1\u00e1ndoos y amonest\u00e1ndoos unos a otros con salmos, himnos y canciones espirituales, cantando a [&hellip;]<\/p>\n","protected":false},"author":1,"featured_media":0,"parent":0,"menu_order":0,"comment_status":"closed","ping_status":"closed","template":"","meta":[],"aioseo_notices":[],"_links":{"self":[{"href":"https:\/\/www.cristianos-viladecans.org\/wp2018\/wp-json\/wp\/v2\/pages\/320"}],"collection":[{"href":"https:\/\/www.cristianos-viladecans.org\/wp2018\/wp-json\/wp\/v2\/pages"}],"about":[{"href":"https:\/\/www.cristianos-viladecans.org\/wp2018\/wp-json\/wp\/v2\/types\/page"}],"author":[{"embeddable":true,"href":"https:\/\/www.cristianos-viladecans.org\/wp2018\/wp-json\/wp\/v2\/users\/1"}],"replies":[{"embeddable":true,"href":"https:\/\/www.cristianos-viladecans.org\/wp2018\/wp-json\/wp\/v2\/comments?post=320"}],"version-history":[{"count":10,"href":"https:\/\/www.cristianos-viladecans.org\/wp2018\/wp-json\/wp\/v2\/pages\/320\/revisions"}],"predecessor-version":[{"id":363,"href":"https:\/\/www.cristianos-viladecans.org\/wp2018\/wp-json\/wp\/v2\/pages\/320\/revisions\/363"}],"wp:attachment":[{"href":"https:\/\/www.cristianos-viladecans.org\/wp2018\/wp-json\/wp\/v2\/media?parent=320"}],"curies":[{"name":"wp","href":"https:\/\/api.w.org\/{rel}","templated":true}]}}