{"id":305,"date":"2018-12-26T09:40:12","date_gmt":"2018-12-26T09:40:12","guid":{"rendered":"https:\/\/www.cristianos-viladecans.org\/wp2018\/?page_id=305"},"modified":"2019-01-01T22:18:34","modified_gmt":"2019-01-01T22:18:34","slug":"comunion","status":"publish","type":"page","link":"https:\/\/www.cristianos-viladecans.org\/wp2018\/comunion\/","title":{"rendered":"Comuni\u00f3n"},"content":{"rendered":"<p>La comuni\u00f3n es esencial para la vida de la iglesia tal y como dice la Biblia:<\/p>\n<blockquote><p>\u00ab!!Mirad cu\u00e1n bueno y cu\u00e1n delicioso es\u00a0habitar\u00a0los\u00a0hermanos\u00a0juntos en\u00a0armon\u00eda!!\u00bb Salmo 133:1<\/p><\/blockquote>\n<p style=\"text-align: justify;\">Por ello, la iglesia organiza una serie de actividades para promover la unidad entre nosotros y la integraci\u00f3n de aquellas persones que se unen a nuestra comunidad.<\/p>\n<p style=\"text-align: justify;\">A continuaci\u00f3n presentamos una muestra de las actividades m\u00e1s destacadas para este fin.<\/p>\n<h3>Retiro de iglesia<\/h3>\n<p>Se organiza una vez al a\u00f1o durante el trimestre de oto\u00f1o. En estos retiros suele haber un estudio b\u00edblico, excursiones y veladas, adem\u00e1s de excelentes momentos de comuni\u00f3n.<\/p>\n<h3>Comidas fraternales<\/h3>\n<table>\n<tbody>\n<tr>\n<td style=\"width: 321px;\">\n<p><div id=\"attachment_365\" style=\"width: 310px\" class=\"wp-caption alignnone\"><img aria-describedby=\"caption-attachment-365\" decoding=\"async\" loading=\"lazy\" src=\"https:\/\/www.cristianos-viladecans.org\/wp2018\/wp-content\/uploads\/2019\/01\/IMG_6158-300x225.jpg\" alt=\"\" width=\"300\" height=\"225\" class=\"size-medium wp-image-365\" srcset=\"https:\/\/www.cristianos-viladecans.org\/wp2018\/wp-content\/uploads\/2019\/01\/IMG_6158-300x225.jpg 300w, https:\/\/www.cristianos-viladecans.org\/wp2018\/wp-content\/uploads\/2019\/01\/IMG_6158-scaled-600x450.jpg 600w, https:\/\/www.cristianos-viladecans.org\/wp2018\/wp-content\/uploads\/2019\/01\/IMG_6158-768x576.jpg 768w, https:\/\/www.cristianos-viladecans.org\/wp2018\/wp-content\/uploads\/2019\/01\/IMG_6158-1024x768.jpg 1024w\" sizes=\"(max-width: 300px) 100vw, 300px\" \/><p id=\"caption-attachment-365\" class=\"wp-caption-text\">Comida de Navidad<\/p><\/div><\/td>\n<td style=\"width: 462px; text-align: justify;\">Se suelen organizar en momentos significativos del a\u00f1o como al inicio del curso y en Navidad, pero tambi\u00e9n se celebran otras comidas fraternales peri\u00f3dicamente a lo largo del a\u00f1o.<\/td>\n<\/tr>\n<\/tbody>\n<\/table>\n<h3>Excursiones<\/h3>\n<p style=\"text-align: justify;\"><img decoding=\"async\" loading=\"lazy\" src=\"https:\/\/www.cristianos-viladecans.org\/wp2018\/wp-content\/uploads\/2019\/01\/paella-e1546380940964-300x219.jpg\" alt=\"\" width=\"300\" height=\"219\" class=\"size-medium wp-image-374 alignleft\" srcset=\"https:\/\/www.cristianos-viladecans.org\/wp2018\/wp-content\/uploads\/2019\/01\/paella-e1546380940964-300x219.jpg 300w, https:\/\/www.cristianos-viladecans.org\/wp2018\/wp-content\/uploads\/2019\/01\/paella-e1546380940964-600x439.jpg 600w, https:\/\/www.cristianos-viladecans.org\/wp2018\/wp-content\/uploads\/2019\/01\/paella-e1546380940964.jpg 751w\" sizes=\"(max-width: 300px) 100vw, 300px\" \/>En la actualidad la excursi\u00f3n m\u00e1s significativa consiste en una barbacoa al finalizar el curso, al inicio del verano.<\/p>\n","protected":false},"excerpt":{"rendered":"<p>La comuni\u00f3n es esencial para la vida de la iglesia tal y como dice la Biblia: \u00ab!!Mirad cu\u00e1n bueno y cu\u00e1n delicioso es\u00a0habitar\u00a0los\u00a0hermanos\u00a0juntos en\u00a0armon\u00eda!!\u00bb Salmo 133:1 Por ello, la iglesia organiza una serie de actividades para promover la unidad entre nosotros y la integraci\u00f3n de aquellas persones que se unen [&hellip;]<\/p>\n","protected":false},"author":1,"featured_media":0,"parent":0,"menu_order":0,"comment_status":"closed","ping_status":"closed","template":"","meta":[],"aioseo_notices":[],"_links":{"self":[{"href":"https:\/\/www.cristianos-viladecans.org\/wp2018\/wp-json\/wp\/v2\/pages\/305"}],"collection":[{"href":"https:\/\/www.cristianos-viladecans.org\/wp2018\/wp-json\/wp\/v2\/pages"}],"about":[{"href":"https:\/\/www.cristianos-viladecans.org\/wp2018\/wp-json\/wp\/v2\/types\/page"}],"author":[{"embeddable":true,"href":"https:\/\/www.cristianos-viladecans.org\/wp2018\/wp-json\/wp\/v2\/users\/1"}],"replies":[{"embeddable":true,"href":"https:\/\/www.cristianos-viladecans.org\/wp2018\/wp-json\/wp\/v2\/comments?post=305"}],"version-history":[{"count":8,"href":"https:\/\/www.cristianos-viladecans.org\/wp2018\/wp-json\/wp\/v2\/pages\/305\/revisions"}],"predecessor-version":[{"id":378,"href":"https:\/\/www.cristianos-viladecans.org\/wp2018\/wp-json\/wp\/v2\/pages\/305\/revisions\/378"}],"wp:attachment":[{"href":"https:\/\/www.cristianos-viladecans.org\/wp2018\/wp-json\/wp\/v2\/media?parent=305"}],"curies":[{"name":"wp","href":"https:\/\/api.w.org\/{rel}","templated":true}]}}