{"id":2,"date":"2018-01-10T17:36:37","date_gmt":"2018-01-10T17:36:37","guid":{"rendered":"https:\/\/www.cristianos-viladecans.org\/wp2018\/?page_id=2"},"modified":"2018-01-23T12:21:27","modified_gmt":"2018-01-23T12:21:27","slug":"declaracion-fe","status":"publish","type":"page","link":"https:\/\/www.cristianos-viladecans.org\/wp2018\/declaracion-fe\/","title":{"rendered":"Declaraci\u00f3n de fe"},"content":{"rendered":"<p align=\"justify\">En tanto que cristianos evang\u00e9licos, aceptamos la Revelaci\u00f3n del Dios \u00fanico en tres personas (Padre, Hijo y Esp\u00edritu Santo) en las Escrituras del Antiguo y del Nuevo Testamento, y confesamos la fe hist\u00f3rica del Evangelio que se proclama en sus p\u00e1ginas. Afirmamos, por consiguiente, las doctrinas que consideramos decisivas para comprender la fe y que deben expresarse en amor, en el servicio cristiano pr\u00e1ctico y en la proclamaci\u00f3n del Evangelio:<\/p>\n<ol>\n<li><span>\u00a0La soberan\u00eda y la gracia de Dios el Padre, Dios el Hijo y Dios el Esp\u00edritu Santo en la creaci\u00f3n, la providencia, la revelaci\u00f3n, la redenci\u00f3n y el juicio final.<br \/>\n<\/span><\/li>\n<li>La divina inspiraci\u00f3n de la Sagrada Escritura, su credibilidad plena y su suprema autoridad en todo lo que ata\u00f1e a la fe y a la conducta.<\/li>\n<li>La pecaminosidad universal y la culpabilidad del hombre ca\u00eddo que acarrea la ira de Dios y la condenaci\u00f3n.<\/li>\n<li>El sacrificio vicario del Hijo de Dios encarnado, \u00fanico fundamento suficiente de redenci\u00f3n de la culpabilidad y del poder del pecado, as\u00ed como de sus consecuencias.<\/li>\n<li>La justificaci\u00f3n del pecador solamente por la gracia de Dios, mediante la fe en Cristo crucificado y resucitado de los muertos.<\/li>\n<li>La obra de Dios el Esp\u00edritu Santo qui\u00e9n ilumina, regenera, mora en el creyente y lo santifica.<\/li>\n<li>El sacerdocio de todos los creyentes que, en la unidad del Esp\u00edritu Santo, constituyen la Iglesia universal, el Cuerpo cuya Cabeza es Cristo, comprometidos por el mandamiento de su Se\u00f1or a la proclamaci\u00f3n del Evangelio en todo el mundo y al servicio de amor en el seno de la sociedad.<\/li>\n<li>La esperanza del retorno visible de nuestro Se\u00f1or Jesucristo en poder y gloria, la resurrecci\u00f3n de los muertos y la consumaci\u00f3n del Reino de Dios.<\/li>\n<\/ol>\n","protected":false},"excerpt":{"rendered":"<p>En tanto que cristianos evang\u00e9licos, aceptamos la Revelaci\u00f3n del Dios \u00fanico en tres personas (Padre, Hijo y Esp\u00edritu Santo) en las Escrituras del Antiguo y del Nuevo Testamento, y confesamos la fe hist\u00f3rica del Evangelio que se proclama en sus p\u00e1ginas. Afirmamos, por consiguiente, las doctrinas que consideramos decisivas para [&hellip;]<\/p>\n","protected":false},"author":1,"featured_media":0,"parent":0,"menu_order":0,"comment_status":"closed","ping_status":"closed","template":"","meta":[],"aioseo_notices":[],"_links":{"self":[{"href":"https:\/\/www.cristianos-viladecans.org\/wp2018\/wp-json\/wp\/v2\/pages\/2"}],"collection":[{"href":"https:\/\/www.cristianos-viladecans.org\/wp2018\/wp-json\/wp\/v2\/pages"}],"about":[{"href":"https:\/\/www.cristianos-viladecans.org\/wp2018\/wp-json\/wp\/v2\/types\/page"}],"author":[{"embeddable":true,"href":"https:\/\/www.cristianos-viladecans.org\/wp2018\/wp-json\/wp\/v2\/users\/1"}],"replies":[{"embeddable":true,"href":"https:\/\/www.cristianos-viladecans.org\/wp2018\/wp-json\/wp\/v2\/comments?post=2"}],"version-history":[{"count":1,"href":"https:\/\/www.cristianos-viladecans.org\/wp2018\/wp-json\/wp\/v2\/pages\/2\/revisions"}],"predecessor-version":[{"id":50,"href":"https:\/\/www.cristianos-viladecans.org\/wp2018\/wp-json\/wp\/v2\/pages\/2\/revisions\/50"}],"wp:attachment":[{"href":"https:\/\/www.cristianos-viladecans.org\/wp2018\/wp-json\/wp\/v2\/media?parent=2"}],"curies":[{"name":"wp","href":"https:\/\/api.w.org\/{rel}","templated":true}]}}