{"id":13,"date":"2018-01-13T21:49:54","date_gmt":"2018-01-13T21:49:54","guid":{"rendered":"https:\/\/www.cristianos-viladecans.org\/wp2018\/?page_id=13"},"modified":"2020-02-24T19:46:54","modified_gmt":"2020-02-24T19:46:54","slug":"inicio","status":"publish","type":"page","link":"https:\/\/www.cristianos-viladecans.org\/wp2018\/","title":{"rendered":"Hasta aqu\u00ed nos ha ayudado el Se\u00f1or"},"content":{"rendered":"\n<div class=\"wp-block-image\"><figure class=\"aligncenter size-large\"><img decoding=\"async\" loading=\"lazy\" width=\"851\" height=\"315\" src=\"https:\/\/www.cristianos-viladecans.org\/wp2018\/wp-content\/uploads\/2020\/02\/Banner851x315-2.jpg\" alt=\"\" class=\"wp-image-776\" srcset=\"https:\/\/www.cristianos-viladecans.org\/wp2018\/wp-content\/uploads\/2020\/02\/Banner851x315-2.jpg 851w, https:\/\/www.cristianos-viladecans.org\/wp2018\/wp-content\/uploads\/2020\/02\/Banner851x315-2-300x111.jpg 300w, https:\/\/www.cristianos-viladecans.org\/wp2018\/wp-content\/uploads\/2020\/02\/Banner851x315-2-768x284.jpg 768w\" sizes=\"(max-width: 851px) 100vw, 851px\" \/><\/figure><\/div>\n\n\n\n<p>Hace 50 a\u00f1os una grupo peque\u00f1o de familias cristianas evang\u00e9licas se unieron para fundar la Iglesia Evang\u00e9lica en Viladecans. Desde entonces hasta hoy son numerosas las personas que han escuchado y recibido el Evangelio. Este a\u00f1o es muy especial para nosotros porque nos abre la posibilidad de celebrar esta efem\u00e9ride, recordar de donde venimos y proyectarnos hacia el futuro.<\/p>\n\n\n\n<p>Te invitamos a que te unas a nosotros a la fiesta participando en los diversos eventos que vamos a realizar. En el siguiente enlace podr\u00e1s encontrar toda la informaci\u00f3n necesaria:<\/p>\n\n\n\n<p><a href=\"https:\/\/www.cristianos-viladecans.org\/wp2018\/category\/eventos\/50_aniversario\/\">Especial 50 aniversario<\/a><\/p>\n\n\n\n<p><\/p>\n","protected":false},"excerpt":{"rendered":"<p>Hace 50 a\u00f1os una grupo peque\u00f1o de familias cristianas evang\u00e9licas se unieron para fundar la Iglesia Evang\u00e9lica en Viladecans. Desde entonces hasta hoy son numerosas las personas que han escuchado y recibido el Evangelio. Este a\u00f1o es muy especial para nosotros porque nos abre la posibilidad de celebrar esta efem\u00e9ride, [&hellip;]<\/p>\n","protected":false},"author":1,"featured_media":0,"parent":0,"menu_order":0,"comment_status":"closed","ping_status":"closed","template":"","meta":[],"aioseo_notices":[],"_links":{"self":[{"href":"https:\/\/www.cristianos-viladecans.org\/wp2018\/wp-json\/wp\/v2\/pages\/13"}],"collection":[{"href":"https:\/\/www.cristianos-viladecans.org\/wp2018\/wp-json\/wp\/v2\/pages"}],"about":[{"href":"https:\/\/www.cristianos-viladecans.org\/wp2018\/wp-json\/wp\/v2\/types\/page"}],"author":[{"embeddable":true,"href":"https:\/\/www.cristianos-viladecans.org\/wp2018\/wp-json\/wp\/v2\/users\/1"}],"replies":[{"embeddable":true,"href":"https:\/\/www.cristianos-viladecans.org\/wp2018\/wp-json\/wp\/v2\/comments?post=13"}],"version-history":[{"count":11,"href":"https:\/\/www.cristianos-viladecans.org\/wp2018\/wp-json\/wp\/v2\/pages\/13\/revisions"}],"predecessor-version":[{"id":784,"href":"https:\/\/www.cristianos-viladecans.org\/wp2018\/wp-json\/wp\/v2\/pages\/13\/revisions\/784"}],"wp:attachment":[{"href":"https:\/\/www.cristianos-viladecans.org\/wp2018\/wp-json\/wp\/v2\/media?parent=13"}],"curies":[{"name":"wp","href":"https:\/\/api.w.org\/{rel}","templated":true}]}}